{"id":474,"date":"2014-03-20T13:21:08","date_gmt":"2014-03-20T12:21:08","guid":{"rendered":"http:\/\/kawka.suwalki.pl\/?page_id=474"},"modified":"2014-03-20T17:09:44","modified_gmt":"2014-03-20T16:09:44","slug":"muflon","status":"publish","type":"page","link":"http:\/\/kawka.suwalki.pl\/?page_id=474","title":{"rendered":"Muflon"},"content":{"rendered":"<p style=\"text-align: center;\"><strong>\u00a0Muflon<\/strong><br \/>\n<strong>(Ovis musimon)<\/strong><\/p>\n<p><img loading=\"lazy\" class=\" wp-image-481 aligncenter\" alt=\"muflon\" src=\"http:\/\/kawka.suwalki.pl\/wp-content\/uploads\/2014\/03\/muflon-257x300.png\" width=\"328\" height=\"382\" srcset=\"http:\/\/kawka.suwalki.pl\/wp-content\/uploads\/2014\/03\/muflon-257x300.png 257w, http:\/\/kawka.suwalki.pl\/wp-content\/uploads\/2014\/03\/muflon-878x1024.png 878w, http:\/\/kawka.suwalki.pl\/wp-content\/uploads\/2014\/03\/muflon.png 1400w\" sizes=\"(max-width: 328px) 100vw, 328px\" \/><\/p>\n<p style=\"text-align: center;\"><strong>I. Wyst\u0119powanie i siedlisko<\/strong><\/p>\n<p style=\"text-align: justify;\">Z powodu swej \u0142atwej adaptacji do \u015brodowiska oraz atrakcyjno\u015bci \u0142owieckiej, wiele k\u00f3\u0142 decyduje si\u0119 na introdukcj\u0119 tego gatunku na swoim terenie. Muflon jest zwierz\u0119ciem wy\u017cynno-g\u00f3rskim. Jego wyst\u0119powanie ma z tym \u015bcis\u0142y zwi\u0105zek gdy\u017c wyst\u0119puje on g\u0142\u00f3wnie na wy\u017cynach i pog\u00f3rzu Azji. W Europie za jego naturalne tereny uwa\u017ca si\u0119 wyspy morza \u015br\u00f3dziemnego tj. Korsyk\u0119 oraz Sardyni\u0119. W pozosta\u0142ej cz\u0119\u015bci Europy, w tym r\u00f3wnie\u017c do Polski, zwierz\u0119 to zosta\u0142o sprowadzone. Na terenie naszego kraju wyst\u0119puje w okolicach K\u0142odzka oraz w g\u00f3rach Sowich. Za idealny biotop muflon obiera tereny g\u00f3rzyste z domieszk\u0105 p\u00f3l. W zimie udaje si\u0119 w ni\u017csze partie g\u00f3r oraz w doliny, w poszukiwani \u017ceru. Okres lata sp\u0119dza zazwyczaj w g\u00f3rach.<\/p>\n<p style=\"text-align: center;\"><strong>II. Charakterystyka og\u00f3lna<\/strong><\/p>\n<p style=\"text-align: justify;\">Muflon jest zwierz\u0119ciem zaliczanym wraz z dzikiem do zwierzyny czarnej. Jego sylwetka jest masywna, poczynaj\u0105c od du\u017cego \u0142ba osadzonego na grubej szyi, ko\u0144cz\u0105c na biegach, kt\u00f3re s\u0105 kr\u00f3tkie i grube, zapewniaj\u0105ce muflonowi bezpieczne przemieszczanie w terenie g\u00f3rzystym. Podsumowuj\u0105c, mo\u017cna stwierdzi\u0107, \u017ce muflon w swej sylwetce przypomina domow\u0105 owc\u0119, kt\u00f3ra posiad\u0142a si\u0142\u0119 dziczego rodu. Ubarwienie muflon\u00f3w ma odcienie br\u0105zu oraz popielu, zmienia si\u0119 ono w zale\u017cno\u015bci od pory roku. Samiec jest bardziej wyrazi\u015bcie ubarwiony oraz posiada bia\u0142e plamy na bokach, nazywane siod\u0142em. Cech\u0105 charakterystyczn\u0105 samc\u00f3w jest wyst\u0119powanie u nich \u015blim\u00f3w, kt\u00f3re s\u0105 rogami rosn\u0105cymi przez ca\u0142e \u017cycie. Jest to bardzo istotny element odr\u00f3\u017cniaj\u0105cy rogi od poro\u017ca, kt\u00f3re to jest cyklicznie zrzucane. \u015alimy powi\u0119kszaj\u0105 si\u0119 poprzez przyrost u nasady i tworz\u0105 swoiste karby, dzi\u0119ki kt\u00f3rym mo\u017cna oceni\u0107 wiek muflona. Masa samca jest wi\u0119ksza ni\u017c samicy i oscyluje w granicach 40 kg. Samica jest o oko\u0142o 10 kg l\u017cejsza. U samicy \u015blimy nie wyst\u0119puj\u0105, zdarza si\u0119 jednak, \u017ce du\u017ca ilo\u015b\u0107 hormon\u00f3w powoduje u niej wytworzenie ma\u0142ych ro\u017ck\u00f3w.<\/p>\n<p style=\"text-align: center;\"><strong>II. Od\u017cywianie<\/strong><\/p>\n<p style=\"text-align: justify;\">Muflon jest zwierz\u0119ciem ro\u015blino\u017cernym o niewyszukanym gu\u015bcie. \u017bywi si\u0119 szerok\u0105 gam\u0105 ro\u015blin (trawami, p\u0119dami, korzonkami, li\u015b\u0107mi, a czasem nawet kor\u0105). Cz\u0119sto w okresie jesiennym pobiera grzyby, owoce runa jak bor\u00f3wki czy jagody, a w zimie zeschni\u0119te trawy oraz wrzos. Przysmakiem muflona podobnie jak dzika s\u0105 bukiew oraz \u017co\u0142\u0119dzie. Sw\u00f3j \u017cer prowadzi w podobnym cyklu dobowym, co zwierzyna p\u0142owa, czyli o \u015bwicie oraz w okolicach zmierzchu.<\/p>\n<p style=\"text-align: center;\"><strong>III. Rozmna\u017canie i rozw\u00f3j<\/strong><\/p>\n<p style=\"text-align: justify;\">Okres grzania si\u0119 owcy jest bardzo kr\u00f3tki (maksymalnie dwie doby), w zwi\u0105zku z czym, gody musz\u0105 si\u0119 odbywa\u0107 w szybkim tempie aby dominuj\u0105cy samiec m\u00f3g\u0142 zd\u0105\u017cy\u0107 pokry\u0107 samic\u0119. Okres godowy, w kt\u00f3rym samice podatne s\u0105 na wzgl\u0119dy samc\u00f3w, zazwyczaj przypada w czasie p\u00f3\u017anej jesieni oraz wczesnej zimy. Samce walcz\u0105 ze sob\u0105 poprzez zderzanie si\u0119 \u015blimami oraz przepychanie rywala. Przegrany opuszcza kierdel, wygrany mo\u017ce wtedy przyst\u0105pi\u0107 do krycia rujnej owcy. W czasie walk dochodzi czasem do kontuzji tryk\u00f3w, jako \u017ce silne uderzenia \u0142bami mog\u0105 powodowa\u0107 urazy kr\u0119gos\u0142upa. Zwyci\u0119ski samiec kryje owc\u0119 kilkukrotnie, przy czym akt trwa zaledwie kilka sekund. Na dwa miesi\u0105ce przed porodem matka opuszcza zesz\u0142oroczne jagni\u0119, kt\u00f3re si\u0119 usamodzielnia. Dojrza\u0142o\u015b\u0107 p\u0142ciow\u0105 osi\u0105ga muflon w wieku 1,5 roku. Ci\u0105\u017ca trwa 22 tygodnie. Po oko\u0142o dwudziestu tygodniach w osamotnieniu owca wydaje na \u015bwiat potomstwo w liczbie jednego lub dw\u00f3ch, rzadziej trzech. M\u0142ode do\u015b\u0107 szybko usamodzielniaj\u0105 si\u0119, przy czym m\u0142ode samce opuszczaj\u0105 matk\u0119 wcze\u015bniej ni\u017c owce. W swoim drugi roku \u017cycia zar\u00f3wno samce jak i samice osi\u0105gaj\u0105 dojrza\u0142o\u015b\u0107 p\u0142ciow\u0105.<\/p>\n<p style=\"text-align: center;\"><strong>IV. Zachowanie<\/strong><\/p>\n<p style=\"text-align: justify;\">Muflony \u017cyj\u0105 w kierdlach odpowiadaj\u0105cym dziczym watachom. Podobnie r\u00f3wnie\u017c stare osobniki m\u0119skie \u017cyj\u0105 w osamotnieniu i przy\u0142\u0105czaj\u0105 si\u0119 do grup tylko w okresie zimowym. Kierdle sk\u0142adaj\u0105 si\u0119 zazwyczaj z kilku do kilkunastu osobnik\u00f3w, przy czym w zimie grupy s\u0105 liczniejsze. W kierdlach sk\u0142adaj\u0105cych si\u0119 z osobnik\u00f3w obu p\u0142ci, prym i przewodnictwo wiedzie prowadz\u0105ca owca. W kierdlach m\u0119skich przewodzi najmocniejszy i najbardziej do\u015bwiadczony tryk. Muflony wykszta\u0142ci\u0142y bardzo dobrze narz\u0105d wzroku i s\u0142uchu, przez co nie s\u0105 zwierzyn\u0105 \u0142atw\u0105 do upolowania. Tryb \u017cycia muflon\u00f3w podobny jest do zwierzyny p\u0142owej, przez co aktywno\u015b\u0107 dobowa swoje maksimum osi\u0105ga w godzinach porannych oraz wieczornych. Charakterystycznym sposobem pobierania pokarmu jest wypas tyralier\u0105, osobniki ustawiaj\u0105 si\u0119 w linii i wypasaj\u0105 poruszaj\u0105c si\u0119 \u0142aw\u0105.<\/p>\n<p style=\"text-align: center;\"><strong>VI. Ekologia gatunku<\/strong><\/p>\n<p style=\"text-align: justify;\">Muflony s\u0105 zwierzyn\u0105 bardzo wdzi\u0119czn\u0105 z punktu widzenia gospodarki \u0142owieckiej, poniewa\u017c przy swojej atrakcyjno\u015bci jako obiektu polowa\u0144, nie powoduj\u0105 praktycznie \u017cadnych szk\u00f3d w uprawach rolnych oraz le\u015bnych. S\u0105 te\u017c zwierz\u0119tami przywi\u0105zanymi do swojego terytorium, kt\u00f3re niech\u0119tnie opuszczaj\u0105, a w przypadku wypraw za po\u017cywieniem, powracaj\u0105 zawsze na swoje tereny.<\/p>\n<p style=\"text-align: center;\"><strong>VII. S\u0142owniczek<\/strong><\/p>\n<p><strong>Baran<\/strong> \u2013 samiec muflona.<br \/>\n<strong>Biegi<\/strong> \u2013 nogi muflona.<br \/>\n<strong>Chrapy<\/strong> \u2013 o nozdrzach muflona.<br \/>\n<strong>Kierdel<\/strong> \u2013 grupa muflon\u00f3w.<br \/>\n<strong>Lustro<\/strong> \u2013 bia\u0142a sier\u015b\u0107 na zadzie muflona<br \/>\n<strong>Owca<\/strong> &#8211; samica muflona.<br \/>\n<strong>Przodownica<\/strong> \u2013 owca przewodz\u0105ca kierdlowi.<br \/>\n<strong>Szpile<\/strong> \u2013 na tyle bieg\u00f3w wyrostki zostawiaj\u0105ce charakterystyczny znak na tropie<br \/>\n<strong>Rogi<\/strong> \u2013 a nie poro\u017ce, poniewa\u017c muflon nie zrzuca rog\u00f3w, rosn\u0105 one przez ca\u0142e \u017cycie<br \/>\n<strong>Rogowa\u0107<\/strong> \u2013 walczy\u0107.<br \/>\n<strong>Siod\u0142o<\/strong> \u2013 przypominaj\u0105ce siod\u0142o bia\u0142e plamy na grzbiecie muflona.<br \/>\n<strong>Suknia<\/strong> \u2013 sier\u015b\u0107.<br \/>\n<strong>\u015alimy<\/strong> \u2013 nazwa rog\u00f3w muflona.<br \/>\n<strong>Tryk<\/strong> \u2013 doros\u0142y samiec.<br \/>\n<strong>Tyraliera<\/strong> \u2013 spos\u00f3b ustawienia si\u0119 muflon\u00f3w podczas \u017cerowania.<\/p>\n","protected":false},"excerpt":{"rendered":"<p>\u00a0Muflon (Ovis musimon) I. Wyst\u0119powanie i siedlisko Z powodu swej \u0142atwej adaptacji do \u015brodowiska oraz atrakcyjno\u015bci \u0142owieckiej, wiele k\u00f3\u0142 decyduje si\u0119 na introdukcj\u0119 tego gatunku na swoim terenie. Muflon jest zwierz\u0119ciem wy\u017cynno-g\u00f3rskim. Jego wyst\u0119powanie ma z tym \u015bcis\u0142y zwi\u0105zek gdy\u017c wyst\u0119puje on g\u0142\u00f3wnie na wy\u017cynach i pog\u00f3rzu Azji. W Europie za jego naturalne tereny uwa\u017ca [&hellip;]<\/p>\n","protected":false},"author":1,"featured_media":0,"parent":495,"menu_order":6,"comment_status":"closed","ping_status":"closed","template":"","meta":{"ngg_post_thumbnail":0},"_links":{"self":[{"href":"http:\/\/kawka.suwalki.pl\/index.php?rest_route=\/wp\/v2\/pages\/474"}],"collection":[{"href":"http:\/\/kawka.suwalki.pl\/index.php?rest_route=\/wp\/v2\/pages"}],"about":[{"href":"http:\/\/kawka.suwalki.pl\/index.php?rest_route=\/wp\/v2\/types\/page"}],"author":[{"embeddable":true,"href":"http:\/\/kawka.suwalki.pl\/index.php?rest_route=\/wp\/v2\/users\/1"}],"replies":[{"embeddable":true,"href":"http:\/\/kawka.suwalki.pl\/index.php?rest_route=%2Fwp%2Fv2%2Fcomments&post=474"}],"version-history":[{"count":7,"href":"http:\/\/kawka.suwalki.pl\/index.php?rest_route=\/wp\/v2\/pages\/474\/revisions"}],"predecessor-version":[{"id":494,"href":"http:\/\/kawka.suwalki.pl\/index.php?rest_route=\/wp\/v2\/pages\/474\/revisions\/494"}],"up":[{"embeddable":true,"href":"http:\/\/kawka.suwalki.pl\/index.php?rest_route=\/wp\/v2\/pages\/495"}],"wp:attachment":[{"href":"http:\/\/kawka.suwalki.pl\/index.php?rest_route=%2Fwp%2Fv2%2Fmedia&parent=474"}],"curies":[{"name":"wp","href":"https:\/\/api.w.org\/{rel}","templated":true}]}}